
















































{"id":9272,"date":"2021-12-02T21:36:00","date_gmt":"2021-12-02T21:36:00","guid":{"rendered":"https:\/\/sotramont.com\/liveo-pointe-claire-2-condos-for-rent-pointe-claire\/visite-virtuelle\/"},"modified":"2021-12-02T22:04:04","modified_gmt":"2021-12-02T22:04:04","slug":"virtual-tour","status":"publish","type":"page","link":"https:\/\/sotramont.com\/en\/liveo-pointe-claire-2-condos-for-rent-pointe-claire\/virtual-tour\/","title":{"rendered":"Virtual Tour"},"content":{"rendered":"\n<section id=\"block--project-submenu\" class=\"block block--project-submenu sm--pin-top\">\n    <div class=\"content-inner\">\n        <div class=\"row\">\n            <div class=\"col col-lg-20 col-22\">\n\n                \n                <ul>\n                                            <li class=\"content-logo\"><a href=\"https:\/\/sotramont.com\/en\/liveo-pointe-claire-2-condos-for-rent-pointe-claire\/\"><img decoding=\"async\" src=\"https:\/\/sotramont.com\/wp-content\/uploads\/2020\/07\/Liveo-PC-white-480x175.png\"><\/a><\/li>\n                                        <li><a href='https:\/\/sotramont.com\/en\/liveo-pointe-claire-2-condos-for-rent-pointe-claire\/'>Project Features<\/a><\/li>                    <li class=\"page_item page-item-9376\"><a href=\"https:\/\/sotramont.com\/en\/liveo-pointe-claire-2-condos-for-rent-pointe-claire\/floorplans\/\">Floorplans<\/a><\/li>\n<li class=\"page_item page-item-9260\"><a href=\"https:\/\/sotramont.com\/en\/liveo-pointe-claire-2-condos-for-rent-pointe-claire\/interior-design\/\">Interior Design<\/a><\/li>\n<li class=\"page_item page-item-9267\"><a href=\"https:\/\/sotramont.com\/en\/liveo-pointe-claire-2-condos-for-rent-pointe-claire\/media-gallery\/\">Media Gallery<\/a><\/li>\n<li class=\"page_item page-item-9272\"><a href=\"https:\/\/sotramont.com\/en\/liveo-pointe-claire-2-condos-for-rent-pointe-claire\/virtual-tour\/\">Virtual Tour<\/a><\/li>\n<li class=\"page_item page-item-9276\"><a href=\"https:\/\/sotramont.com\/en\/liveo-pointe-claire-2-condos-for-rent-pointe-claire\/contact\/\">Contact<\/a><\/li>\n                <\/ul>\n            <\/div>\n        <\/div>\n    <\/div>\n<\/section>\n\n\n    <section id=\"block--text-center\" class=\"block block--text-center\" >\n        <div class=\"row\">\n            <div class=\"col col-lg-14 col-md-16 col-sm-18 col-xs-20 col-22\">\n\n                <div class=\"content-box\">\n                    <p>We hope you will enjoy this virtual tour with a 360-degree view of the Liveo Pointe-Claire rental condo project in Pointe-Claire.<\/p>\n                <\/div>\n\n            <\/div>\n        <\/div>\n    <\/section>\n\n\n\n    <section id=\"block--virtual-tour\" class=\"block block--virtual-tour js--toggle-content\" >\n        <div class=\"row\">\n                            <div class=\"col col-lg-20 col-22\">\n                    <div class=\"content-toggle-click\">\n                        <div class=\"row\">\n                                                        <div class=\"col col-md-6 col-12\">\n                                <div class=\"c--toggle-click js--toggle-click js--toggle-active\" data-toggle=\".content-iframe-tour-1\">\n                                    <h3 class=\"text-lg\">INDOOR POOL<\/h3>\n                                <\/div>\n                            <\/div>\n                                                        <div class=\"col col-md-6 col-12\">\n                                <div class=\"c--toggle-click js--toggle-click\" data-toggle=\".content-iframe-tour-2\">\n                                    <h3 class=\"text-lg\">EXERCISE ROOM<\/h3>\n                                <\/div>\n                            <\/div>\n                                                        <div class=\"col col-md-6 col-12\">\n                                <div class=\"c--toggle-click js--toggle-click\" data-toggle=\".content-iframe-tour-3\">\n                                    <h3 class=\"text-lg\">COMMUNITY ROOM<\/h3>\n                                <\/div>\n                            <\/div>\n                                                        <div class=\"col col-md-6 col-12\">\n                                <div class=\"c--toggle-click js--toggle-click\" data-toggle=\".content-iframe-tour-4\">\n                                    <h3 class=\"text-lg\">UNIT INTERIOR<\/h3>\n                                <\/div>\n                            <\/div>\n                                                    <\/div>\n                    <\/div>\n                    <div class=\"content-toggle\">\n                                                <div class=\"row js--toggle content-iframe-tour-1 js--toggle-active\">\n                            <div class=\"js--toggle__animate\">\n                                <iframe loading=\"lazy\" src=\"https:\/\/ubica.ca\/Liveo_P-C_Piscine\/tour.html\" id=\"tour-iframe\" width=\"100%\" height=\"650\"><\/iframe>\n                            <\/div>\n                        <\/div>\n                                                    <div class=\"row js--toggle content-iframe-tour-2 \">\n                                <div class=\"js--toggle__animate\">\n                                    <iframe loading=\"lazy\" src=\"https:\/\/ubica.ca\/Liveo_P-C_Gym\/tour.html\" id=\"tour-iframe\" width=\"100%\" height=\"650\"><\/iframe>\n                                <\/div>\n                            <\/div>\n\n                                                    <div class=\"row js--toggle content-iframe-tour-3 \">\n                                <div class=\"js--toggle__animate\">\n                                    <iframe loading=\"lazy\" src=\"https:\/\/ubica.ca\/Liveo_P-C_Espace_Communautaire\/tour.html\" id=\"tour-iframe\" width=\"100%\" height=\"650\"><\/iframe>\n                                <\/div>\n                            <\/div>\n\n                                                    <div class=\"row js--toggle content-iframe-tour-4 \">\n                                <div class=\"js--toggle__animate\">\n                                    <iframe loading=\"lazy\" src=\"https:\/\/ubica.ca\/Liveo-Pointe-Claire\/vtour\/tour.html\" id=\"tour-iframe\" width=\"100%\" height=\"650\"><\/iframe>\n                                <\/div>\n                            <\/div>\n\n                                            <\/div>\n                <\/div>\n                    <\/div>\n    <\/section>\n\n\n\n\n\n\n\n\n    <section id=\"block--calendly\" class=\"block block--calendly\" style=\"background-color:#ffffff;\">\n\n        <link href=\"https:\/\/assets.calendly.com\/assets\/external\/widget.css\" rel=\"stylesheet\">\n        <script src=\"https:\/\/assets.calendly.com\/assets\/external\/widget.js\" type=\"text\/javascript\"><\/script>\n\n        <div class=\"row big-row\">\n            <div class=\"col col-xl-20 col-22\">\n                <div class=\"content-inner\" style=\"background-color:#ffffff;\">\n                    <div class=\"row\">\n                                                    <div class=\"col col-md-12 col-24\">\n                                                                    \n\t\t\t<figure class='c--image-bg'>\n\t\t\t\t<div class='c--image-bg__inner sm--parallax' data-sm-parallax-y='12vh' style='background-image:url(https:\/\/sotramont.com\/wp-content\/uploads\/2022\/12\/IMG_7679.jpeg);'><\/div>\n\t\t\t<\/figure>\n\t\t                                                                                                    <h3 class=\"text-lg\">Armel Rugero<\/h3>\n                                                                                                    <h4 class=\"text-md\">Visitez notre espace de location avec Armel pour trouver votre prochain condo \u00e0 louer.<\/h4>\n                                                                                                    <div class=\"content-btn\">\n                                        <!-- Calendly link widget begin -->\n                                        <a class=\"btn\" href=\"\" onclick=\"Calendly.initPopupWidget({url: 'https:\/\/calendly.com\/armel-liveo\/30min?back=1&#038;month=2026-04'});return false;\">R\u00c9SERVER UNE R\u00c9UNION<\/a>\n                                        <!-- Calendly link widget end -->\n                                    <\/div>\n                                                            <\/div>\n                                            <\/div>\n                <\/div>\n            <\/div>\n        <\/div>\n        \n    <\/section>\n\n\n\n\n    <section id=\"block--form\" class=\"block block--form\" style=\"background-color:#082c5c;\">\n        <div class=\"row\">\n            <div class=\"col col-lg-20 col-22\">\n\n                <div class=\"content-box\" >\n                    <h3 class='text-lg'>Rejoinez <br\/> Liveo Pointe-Claire<\/h3>                    \n                    <h4 class='text-md'>RECEVEZ LES MISES \u00c0 JOUR DU PROJET ET AVOIR UN ACC\u00c8S PRIORITAIRE \u00c0 DE NOUVELLES FONCTIONNALIT\u00c9S.<\/h4>\n                    \n                    <div class=\"c--form c--mailchimp-form\">\n                                                <div class=\"c--mailchimp-form c--form\">\n                            \n                            <!-- Begin Mailchimp Signup Form -->\r\n\r\n<style type=\"text\/css\">\r\n\t#mc_embed_signup{background:#fff; clear:left; font:14px Helvetica,Arial,sans-serif; }\r\n\t\/* Add your own Mailchimp form style overrides in your site stylesheet or in this style block.\r\n\t   We recommend moving this block and the preceding CSS link to the HEAD of your HTML file. *\/\r\n<\/style>\r\n<div id=\"mc_embed_signup\">\r\n<form action=\"https:\/\/quartiergreenwich.us11.list-manage.com\/subscribe\/post?u=72dd37a7d8c7bb8b4515bf948&amp;id=f4a7fe9b7a\" method=\"post\" id=\"mc-embedded-subscribe-form\" name=\"mc-embedded-subscribe-form\" class=\"validate\" target=\"_blank\" novalidate>\r\n    <div id=\"mc_embed_signup_scroll\">\r\n\t\r\n<div class=\"indicates-required\"><span class=\"asterisk\">*<\/span> indicates required<\/div>\r\n<div class=\"mc-field-group\">\r\n\t<label for=\"mce-EMAIL\">Courriel <span class=\"asterisk\">*<\/span>\r\n<\/label>\r\n\t<input type=\"email\" value=\"\" name=\"EMAIL\" class=\"required email\" id=\"mce-EMAIL\">\r\n<\/div>\r\n<div class=\"mc-field-group\">\r\n\t<label for=\"mce-FNAME\">Pr\u00e9nom <span class=\"asterisk\">*<\/span>\r\n\t<input type=\"text\" value=\"\" name=\"FNAME\" class=\"required fname\" id=\"mce-FNAME\">\r\n<\/div>\r\n<div class=\"mc-field-group\">\r\n\t<label for=\"mce-LNAME\">Nom <span class=\"asterisk\">*<\/span>\r\n\t<input type=\"text\" value=\"\" name=\"LNAME\" class=\"required lname\" id=\"mce-LNAME\">\r\n<\/div>\r\n<div class=\"mc-field-group size1of2\">\r\n\t<label for=\"mce-PHONE\">T\u00e9l\u00e9phone <\/label>\r\n\t<input type=\"text\" name=\"PHONE\" class=\"\" value=\"\" id=\"mce-PHONE\">\r\n<\/div>\r\n\t<div id=\"mce-responses\" class=\"clear\">\r\n\t\t<div class=\"response\" id=\"mce-error-response\" style=\"display:none\"><\/div>\r\n\t\t<div class=\"response\" id=\"mce-success-response\" style=\"display:none\"><\/div>\r\n\t<\/div>    <!-- real people should not fill this in and expect good things - do not remove this or risk form bot signups-->\r\n    <div style=\"position: absolute; left: -5000px;\" aria-hidden=\"true\"><input type=\"text\" name=\"b_72dd37a7d8c7bb8b4515bf948_f4a7fe9b7a\" tabindex=\"-1\" value=\"\"><\/div>\r\n    <div class=\"clear\"><input type=\"submit\" value=\"S'abonner\" name=\"subscribe\" id=\"mc-embedded-subscribe\" class=\"button\"><\/div>\r\n    <\/div>\r\n<\/form>\r\n<\/div>\r\n\r\n<!--End mc_embed_signup-->\n                            <!--<iframe loading=\"lazy\" src=\"http:\/\/eepurl.com\/g58LRv\" width=\"100%\" height=\"auto\" style=\"width:100%; height:auto;\" onload=\"resizeIframe(this)\">-->\n                                                    <\/div>\n                    <\/div>\n\n                                    <\/div>\n\n            <\/div>\n        <\/div>\n    <\/section>\n\n\n\n<!--<section id=\"block--mailchimp-form\" class=\"block--mailchimp-form\">\n\n\t<div class=\"row\">\n\t\t<div class=\"col col-14 offset-5\">\n\n\t\t\t<div class=\"c--mailchimp-form c--form\">\n\t\t\t\t                <div class=\"js--project-list-actual\"><\/div>\n                <div class=\"js--input-project-in\" style=\"display:none;\">Liveo Pointe-Claire 2<\/div>\n\t\t\t<\/div>\n\t\t\n\t\t<\/div>\n\t<\/div>\n\n<\/section>-->\n","protected":false},"excerpt":{"rendered":"","protected":false},"author":6,"featured_media":8066,"parent":9212,"menu_order":40,"comment_status":"closed","ping_status":"closed","template":"","meta":[],"acf":[],"yoast_head":"<!-- This site is optimized with the Yoast SEO plugin v20.11 - https:\/\/yoast.com\/wordpress\/plugins\/seo\/ -->\n<title>Virtual tour | Pointe-Claire | Liveo Pointe-Claire | Sotramont<\/title>\n<meta name=\"description\" content=\"Discover the virtual tours of our rental condos in Pointe-Claire. The project Liveo Pointe-Claire is realized by real-estate developer and builder, Sotramont.\" \/>\n<meta name=\"robots\" content=\"index, follow, max-snippet:-1, max-image-preview:large, max-video-preview:-1\" \/>\n<link rel=\"canonical\" href=\"https:\/\/sotramont.com\/en\/liveo-pointe-claire-2-condos-for-rent-pointe-claire\/virtual-tour\/\" \/>\n<meta property=\"og:locale\" content=\"en_US\" \/>\n<meta property=\"og:type\" content=\"article\" \/>\n<meta property=\"og:title\" content=\"Virtual tour | Pointe-Claire | Liveo Pointe-Claire | Sotramont\" \/>\n<meta property=\"og:description\" content=\"Discover the virtual tours of our rental condos in Pointe-Claire. The project Liveo Pointe-Claire is realized by real-estate developer and builder, Sotramont.\" \/>\n<meta property=\"og:url\" content=\"https:\/\/sotramont.com\/en\/liveo-pointe-claire-2-condos-for-rent-pointe-claire\/virtual-tour\/\" \/>\n<meta property=\"og:site_name\" content=\"Sotramont\" \/>\n<meta property=\"article:modified_time\" content=\"2021-12-02T22:04:04+00:00\" \/>\n<meta property=\"og:image\" content=\"https:\/\/sotramont.com\/wp-content\/uploads\/2021\/03\/Liveo-PC-dining-scaled.jpg\" \/>\n\t<meta property=\"og:image:width\" content=\"2560\" \/>\n\t<meta property=\"og:image:height\" content=\"1707\" \/>\n\t<meta property=\"og:image:type\" content=\"image\/jpeg\" \/>\n<meta name=\"twitter:card\" content=\"summary_large_image\" \/>\n<script type=\"application\/ld+json\" class=\"yoast-schema-graph\">{\"@context\":\"https:\/\/schema.org\",\"@graph\":[{\"@type\":\"WebPage\",\"@id\":\"https:\/\/sotramont.com\/en\/liveo-pointe-claire-2-condos-for-rent-pointe-claire\/virtual-tour\/\",\"url\":\"https:\/\/sotramont.com\/en\/liveo-pointe-claire-2-condos-for-rent-pointe-claire\/virtual-tour\/\",\"name\":\"Virtual tour | Pointe-Claire | Liveo Pointe-Claire | Sotramont\",\"isPartOf\":{\"@id\":\"https:\/\/sotramont.com\/?lang=en\/#website\"},\"datePublished\":\"2021-12-02T21:36:00+00:00\",\"dateModified\":\"2021-12-02T22:04:04+00:00\",\"description\":\"Discover the virtual tours of our rental condos in Pointe-Claire. The project Liveo Pointe-Claire is realized by real-estate developer and builder, Sotramont.\",\"breadcrumb\":{\"@id\":\"https:\/\/sotramont.com\/en\/liveo-pointe-claire-2-condos-for-rent-pointe-claire\/virtual-tour\/#breadcrumb\"},\"inLanguage\":\"en-US\",\"potentialAction\":[{\"@type\":\"ReadAction\",\"target\":[\"https:\/\/sotramont.com\/en\/liveo-pointe-claire-2-condos-for-rent-pointe-claire\/virtual-tour\/\"]}]},{\"@type\":\"BreadcrumbList\",\"@id\":\"https:\/\/sotramont.com\/en\/liveo-pointe-claire-2-condos-for-rent-pointe-claire\/virtual-tour\/#breadcrumb\",\"itemListElement\":[{\"@type\":\"ListItem\",\"position\":1,\"name\":\"Home\",\"item\":\"https:\/\/sotramont.com\/?lang=en\"},{\"@type\":\"ListItem\",\"position\":2,\"name\":\"Liveo Pointe-Claire 2\",\"item\":\"https:\/\/sotramont.com\/en\/liveo-pointe-claire-2-condos-for-rent-pointe-claire\/\"},{\"@type\":\"ListItem\",\"position\":3,\"name\":\"Virtual Tour\"}]},{\"@type\":\"WebSite\",\"@id\":\"https:\/\/sotramont.com\/?lang=en\/#website\",\"url\":\"https:\/\/sotramont.com\/?lang=en\/\",\"name\":\"Sotramont\",\"description\":\"Montreal real-estate developer, builder and promoter.\",\"potentialAction\":[{\"@type\":\"SearchAction\",\"target\":{\"@type\":\"EntryPoint\",\"urlTemplate\":\"https:\/\/sotramont.com\/?lang=en\/?s={search_term_string}\"},\"query-input\":\"required name=search_term_string\"}],\"inLanguage\":\"en-US\"}]}<\/script>\n<!-- \/ Yoast SEO plugin. -->","yoast_head_json":{"title":"Virtual tour | Pointe-Claire | Liveo Pointe-Claire | Sotramont","description":"Discover the virtual tours of our rental condos in Pointe-Claire. The project Liveo Pointe-Claire is realized by real-estate developer and builder, Sotramont.","robots":{"index":"index","follow":"follow","max-snippet":"max-snippet:-1","max-image-preview":"max-image-preview:large","max-video-preview":"max-video-preview:-1"},"canonical":"https:\/\/sotramont.com\/en\/liveo-pointe-claire-2-condos-for-rent-pointe-claire\/virtual-tour\/","og_locale":"en_US","og_type":"article","og_title":"Virtual tour | Pointe-Claire | Liveo Pointe-Claire | Sotramont","og_description":"Discover the virtual tours of our rental condos in Pointe-Claire. The project Liveo Pointe-Claire is realized by real-estate developer and builder, Sotramont.","og_url":"https:\/\/sotramont.com\/en\/liveo-pointe-claire-2-condos-for-rent-pointe-claire\/virtual-tour\/","og_site_name":"Sotramont","article_modified_time":"2021-12-02T22:04:04+00:00","og_image":[{"width":2560,"height":1707,"url":"https:\/\/sotramont.com\/wp-content\/uploads\/2021\/03\/Liveo-PC-dining-scaled.jpg","type":"image\/jpeg"}],"twitter_card":"summary_large_image","schema":{"@context":"https:\/\/schema.org","@graph":[{"@type":"WebPage","@id":"https:\/\/sotramont.com\/en\/liveo-pointe-claire-2-condos-for-rent-pointe-claire\/virtual-tour\/","url":"https:\/\/sotramont.com\/en\/liveo-pointe-claire-2-condos-for-rent-pointe-claire\/virtual-tour\/","name":"Virtual tour | Pointe-Claire | Liveo Pointe-Claire | Sotramont","isPartOf":{"@id":"https:\/\/sotramont.com\/?lang=en\/#website"},"datePublished":"2021-12-02T21:36:00+00:00","dateModified":"2021-12-02T22:04:04+00:00","description":"Discover the virtual tours of our rental condos in Pointe-Claire. The project Liveo Pointe-Claire is realized by real-estate developer and builder, Sotramont.","breadcrumb":{"@id":"https:\/\/sotramont.com\/en\/liveo-pointe-claire-2-condos-for-rent-pointe-claire\/virtual-tour\/#breadcrumb"},"inLanguage":"en-US","potentialAction":[{"@type":"ReadAction","target":["https:\/\/sotramont.com\/en\/liveo-pointe-claire-2-condos-for-rent-pointe-claire\/virtual-tour\/"]}]},{"@type":"BreadcrumbList","@id":"https:\/\/sotramont.com\/en\/liveo-pointe-claire-2-condos-for-rent-pointe-claire\/virtual-tour\/#breadcrumb","itemListElement":[{"@type":"ListItem","position":1,"name":"Home","item":"https:\/\/sotramont.com\/?lang=en"},{"@type":"ListItem","position":2,"name":"Liveo Pointe-Claire 2","item":"https:\/\/sotramont.com\/en\/liveo-pointe-claire-2-condos-for-rent-pointe-claire\/"},{"@type":"ListItem","position":3,"name":"Virtual Tour"}]},{"@type":"WebSite","@id":"https:\/\/sotramont.com\/?lang=en\/#website","url":"https:\/\/sotramont.com\/?lang=en\/","name":"Sotramont","description":"Montreal real-estate developer, builder and promoter.","potentialAction":[{"@type":"SearchAction","target":{"@type":"EntryPoint","urlTemplate":"https:\/\/sotramont.com\/?lang=en\/?s={search_term_string}"},"query-input":"required name=search_term_string"}],"inLanguage":"en-US"}]}},"_links":{"self":[{"href":"https:\/\/sotramont.com\/en\/wp-json\/wp\/v2\/pages\/9272"}],"collection":[{"href":"https:\/\/sotramont.com\/en\/wp-json\/wp\/v2\/pages"}],"about":[{"href":"https:\/\/sotramont.com\/en\/wp-json\/wp\/v2\/types\/page"}],"author":[{"embeddable":true,"href":"https:\/\/sotramont.com\/en\/wp-json\/wp\/v2\/users\/6"}],"replies":[{"embeddable":true,"href":"https:\/\/sotramont.com\/en\/wp-json\/wp\/v2\/comments?post=9272"}],"version-history":[{"count":3,"href":"https:\/\/sotramont.com\/en\/wp-json\/wp\/v2\/pages\/9272\/revisions"}],"predecessor-version":[{"id":9275,"href":"https:\/\/sotramont.com\/en\/wp-json\/wp\/v2\/pages\/9272\/revisions\/9275"}],"up":[{"embeddable":true,"href":"https:\/\/sotramont.com\/en\/wp-json\/wp\/v2\/pages\/9212"}],"wp:featuredmedia":[{"embeddable":true,"href":"https:\/\/sotramont.com\/en\/wp-json\/wp\/v2\/media\/8066"}],"wp:attachment":[{"href":"https:\/\/sotramont.com\/en\/wp-json\/wp\/v2\/media?parent=9272"}],"curies":[{"name":"wp","href":"https:\/\/api.w.org\/{rel}","templated":true}]}}